{"id":5553,"date":"2020-11-22T22:16:38","date_gmt":"2020-11-22T22:16:38","guid":{"rendered":"https:\/\/wowdesign.hu\/?page_id=5553"},"modified":"2021-10-10T18:19:42","modified_gmt":"2021-10-10T18:19:42","slug":"munkafolyamat","status":"publish","type":"page","link":"https:\/\/wowdesign.hu\/hu\/munkafolyamat\/","title":{"rendered":"Munkafolyamat"},"content":{"rendered":"<div  class=\"tatsu-HkZu3jmLZY tatsu-section  tatsu-bg-overlay   tatsu-clearfix\" data-title=\"\"  data-headerscheme=\"background--dark\"><div class='tatsu-section-pad clearfix' data-padding='{\"d\":\"90px 0px 0px 0px\"}' data-padding-top='90px'><div class=\"tatsu-row-wrap  tatsu-wrap tatsu-row-one-col tatsu-row-has-one-cols tatsu-medium-gutter tatsu-reg-cols  tatsu-clearfix tatsu-HJeOnsQU-t\" ><div  class=\"tatsu-row \" ><div  class=\"tatsu-column  tatsu-bg-overlay tatsu-one-col tatsu-column-align-middle tatsu-column-image-none tatsu-column-effect-none  tatsu-S1dho78-Y\"  data-parallax-speed=\"0\" style=\"\"><div class=\"tatsu-column-inner \" ><div class=\"tatsu-column-pad-wrap\"><div class=\"tatsu-column-pad\" ><div  class=\"tatsu-single-image tatsu-module align-center tatsu-image-lazyload tatsu-BkPL2QUZK   tatsu-hide-mobile\" ><div class=\"tatsu-single-image-inner \" style=\"width : 1845px;\" ><div class = \"tatsu-single-image-padding-wrap\" style = \"padding-bottom : 48.292682926829%;\" ><\/div><img class=\"tatsu-gradient-border\" alt=\"\" title=\"lakberendezes-folyamata-wowdesign-tervezes\" data-src=\"https:\/\/wowdesign.hu\/wp-content\/uploads\/lakberendezes-folyamata-wowdesign-tervezes.jpg\" src=\"data:image\/png;base64,iVBORw0KGgoAAAANSUhEUgAAAAEAAAABCAQAAAC1HAwCAAAAC0lEQVR42mNkYAAAAAYAAjCB0C8AAAAASUVORK5CYII=\" \/><\/div><style>.tatsu-BkPL2QUZK .tatsu-single-image-inner{border-style: solid;max-width: 100%;}.tatsu-BkPL2QUZK.tatsu-single-image{transform: translate3d(0px,0px, 0);}<\/style><\/div><div  class=\"tatsu-single-image tatsu-module tatsu-image-lazyload tatsu-S18EL4IWK   tatsu-hide-desktop tatsu-hide-laptop tatsu-hide-tablet\" ><div class=\"tatsu-single-image-inner \" style=\"width : 749px;\" ><div class = \"tatsu-single-image-padding-wrap\" style = \"padding-bottom : 205.60747663551%;\" ><\/div><a class = \"mfp-image\" href = \"https:\/\/wowdesign.hu\/wp-content\/uploads\/lakberendezesi-folyamatok-mobil.jpg\" ><img class=\"tatsu-gradient-border\" alt=\"\" title=\"folyamat wow2\" data-src=\"https:\/\/wowdesign.hu\/wp-content\/uploads\/lakberendezesi-folyamatok-mobil.jpg\" src=\"data:image\/png;base64,iVBORw0KGgoAAAANSUhEUgAAAAEAAAABCAQAAAC1HAwCAAAAC0lEQVR42mNkYAAAAAYAAjCB0C8AAAAASUVORK5CYII=\" \/><\/a><\/div><style>.tatsu-S18EL4IWK .tatsu-single-image-inner{border-style: solid;max-width: 100%;}.tatsu-S18EL4IWK.tatsu-single-image{transform: translate3d(0px,0px, 0);}<\/style><\/div><\/div><\/div><div class = \"tatsu-column-bg-image-wrap\"><div class = \"tatsu-column-bg-image tatsu-bg-lazyload\" data-src = \"\"><\/div><\/div><div class=\"tatsu-overlay tatsu-column-overlay tatsu-animate-none\" ><\/div><\/div><style>.tatsu-row > .tatsu-S1dho78-Y.tatsu-column{width: 100%;}.tatsu-S1dho78-Y.tatsu-column > .tatsu-column-inner > .tatsu-column-overlay{mix-blend-mode: normal;}.tatsu-S1dho78-Y > .tatsu-column-inner > .tatsu-top-divider{z-index: 9999;}.tatsu-S1dho78-Y > .tatsu-column-inner > .tatsu-bottom-divider{z-index: 9999;}.tatsu-S1dho78-Y > .tatsu-column-inner > .tatsu-left-divider{z-index: 9999;}.tatsu-S1dho78-Y > .tatsu-column-inner > .tatsu-right-divider{z-index: 9999;}@media only screen and (max-width:1377px) {.tatsu-row > .tatsu-S1dho78-Y.tatsu-column{width: 100%;}}@media only screen and (min-width:768px) and (max-width: 1024px) {.tatsu-row > .tatsu-S1dho78-Y.tatsu-column{width: 100%;}}@media only screen and (max-width: 767px) {.tatsu-row > .tatsu-S1dho78-Y.tatsu-column{width: 100%;}}<\/style><\/div><\/div><\/div><\/div><div class=\"tatsu-section-background-wrap\"><div class = \"tatsu-section-background tatsu-bg-lazyload\" data-src = \"\"><\/div><\/div><div class=\"tatsu-overlay tatsu-section-overlay\"><\/div><style>.tatsu-HkZu3jmLZY .tatsu-section-pad{padding: 90px 0px 0px 0px;}.tatsu-HkZu3jmLZY .tatsu-section-offset-wrap{transform: translateY(-0px);}.tatsu-HkZu3jmLZY > .tatsu-bottom-divider{z-index: 9999;}.tatsu-HkZu3jmLZY > .tatsu-top-divider{z-index: 9999;}.tatsu-HkZu3jmLZY .tatsu-section-overlay{mix-blend-mode: normal;}<\/style><\/div><div  class=\"tatsu-gts8gzimvqe7exd8 tatsu-section  tatsu-bg-overlay   tatsu-clearfix\" data-title=\"A folyamat\"  data-headerscheme=\"background--dark\"><div class='tatsu-section-pad clearfix' data-padding='{\"d\":\"20px 0px 48px 0px\"}' data-padding-top='20px'><div class=\"tatsu-row-wrap  tatsu-wrap tatsu-row-has-one-half tatsu-row-has-two-cols tatsu-medium-gutter tatsu-reg-cols  tatsu-clearfix tatsu-gts8gzin0j96fi96\" ><div  class=\"tatsu-row \" ><div  class=\"tatsu-column  tatsu-bg-overlay tatsu-one-half tatsu-column-image-none tatsu-column-effect-none  tatsu-gts8gzin4k64uonc\"  data-parallax-speed=\"0\" style=\"\"><div class=\"tatsu-column-inner \" ><div class=\"tatsu-column-pad-wrap\"><div class=\"tatsu-column-pad\" ><div  class=\"tatsu-module tatsu-inline-text clearfix tatsu-gts8gzin6e7z8ac5   \" ><style>.tatsu-gts8gzin6e7z8ac5 .tatsu-inline-text-inner{width: 100%;text-align: left;}@media only screen and (max-width: 767px) {.tatsu-gts8gzin6e7z8ac5 .tatsu-inline-text-inner{width: 100%;}}<\/style><div class=\"tatsu-inline-text-inner tatsu-align-center\">\n<h5><strong>HOGYAN DOLGOZUNK?<\/strong><\/h5>\n<\/div><\/div><div  class=\"tatsu-module tatsu-inline-text clearfix tatsu-gts8gzin7vabopfj   \" ><style>.tatsu-gts8gzin7vabopfj .tatsu-inline-text-inner{width: 100%;text-align: left;}@media only screen and (max-width: 767px) {.tatsu-gts8gzin7vabopfj .tatsu-inline-text-inner{width: 100%;}}<\/style><div class=\"tatsu-inline-text-inner tatsu-align-center\">\n<h5><span style=\"color: #ff0000;\">A tervez\u00e9s folyamata apr\u00f3l\u00e9kos, szofisztik\u00e1lt dolog. Sz\u00e9lesk\u00f6r\u0171 ismereteket k\u00f6vetel, k\u00fcl\u00f6nb\u00f6z\u0151 ter\u00fcleteket fog \u00f6ssze. \u00a0Mag\u00e1ban foglalja a koncepci\u00f3 kidolgoz\u00e1s\u00e1t, helysz\u00edni ellen\u0151rz\u00e9seket, anyagismeretet, kutat\u00f3 munk\u00e1t, kommunik\u00e1ci\u00f3t, emp\u00e1ti\u00e1t.\u00a0<\/span><\/h5>\n<\/div><\/div><div  class=\"tatsu-module tatsu-inline-text clearfix tatsu-gts8gzin8w1snobk   \" ><style>.tatsu-gts8gzin8w1snobk .tatsu-inline-text-inner{width: 100%;text-align: left;}@media only screen and (max-width: 767px) {.tatsu-gts8gzin8w1snobk .tatsu-inline-text-inner{width: 100%;}}<\/style><div class=\"tatsu-inline-text-inner tatsu-align-center\">\n<h4><span class=\"h5\" style=\"color: #000000;\">Figyelni a r\u00e9szletekre egyfajta t\u00f6r\u0151d\u00e9s, melyet meg\u00e9rtenek, akik haszn\u00e1lj\u00e1k az \u00e1ltalunk tervezett tereket. Ez\u00e1ltal emelj\u00fck a h\u00e9tk\u00f6znapit a k\u00fcl\u00f6nleges szintj\u00e9re. \u00cdgy v\u00e1lik a t\u00f6r\u0151d\u00e9s luxuss\u00e1.\u00a0<\/span><\/h4>\n<\/div><\/div><\/div><\/div><div class = \"tatsu-column-bg-image-wrap\"><div class = \"tatsu-column-bg-image tatsu-bg-lazyload\" data-src = \"\"><\/div><\/div><div class=\"tatsu-overlay tatsu-column-overlay tatsu-animate-none\" ><\/div><\/div><style>.tatsu-row > .tatsu-gts8gzin4k64uonc.tatsu-column{width: 34.9%;}.tatsu-gts8gzin4k64uonc.tatsu-column > .tatsu-column-inner > .tatsu-column-overlay{mix-blend-mode: normal;}.tatsu-gts8gzin4k64uonc > .tatsu-column-inner > .tatsu-top-divider{z-index: 9999;}.tatsu-gts8gzin4k64uonc > .tatsu-column-inner > .tatsu-bottom-divider{z-index: 9999;}.tatsu-gts8gzin4k64uonc > .tatsu-column-inner > .tatsu-left-divider{z-index: 9999;}.tatsu-gts8gzin4k64uonc > .tatsu-column-inner > .tatsu-right-divider{z-index: 9999;}@media only screen and (max-width:1377px) {.tatsu-row > .tatsu-gts8gzin4k64uonc.tatsu-column{width: 50%;}}@media only screen and (min-width:768px) and (max-width: 1024px) {.tatsu-row > .tatsu-gts8gzin4k64uonc.tatsu-column{width: 50%;}}@media only screen and (max-width: 767px) {.tatsu-row > .tatsu-gts8gzin4k64uonc.tatsu-column{width: 100%;}}<\/style><\/div><div  class=\"tatsu-column  tatsu-bg-overlay tatsu-one-half tatsu-column-image-none tatsu-column-effect-none  tatsu-gts8gzinb197883s\"  data-parallax-speed=\"0\" style=\"\"><div class=\"tatsu-column-inner \" ><div class=\"tatsu-column-pad-wrap\"><div class=\"tatsu-column-pad\" ><div  class=\"tatsu-module tatsu-inline-text clearfix tatsu-gts8gzinek7mnb1e   \" ><style>.tatsu-gts8gzinek7mnb1e .tatsu-inline-text-inner{width: 100%;text-align: left;}.tatsu-gts8gzinek7mnb1e.tatsu-inline-text{margin: 0px 0px 0px 0px;}@media only screen and (max-width: 767px) {.tatsu-gts8gzinek7mnb1e .tatsu-inline-text-inner{width: 100%;}}<\/style><div class=\"tatsu-inline-text-inner tatsu-align-center\">\n<h6><strong>1.<\/strong> ADATGY\u0170JT\u00c9S, ig\u00e9nyek meghat\u00e1roz\u00e1sa<\/h6>\n<\/div><\/div><div  class=\"tatsu-module tatsu-divider-wrap  tatsu-gts8gzing910rzjc   \"  ><style>.tatsu-gts8gzing910rzjc .tatsu-divider{height: 1px;width: 100%;background: rgba(0,0,0,1);}.tatsu-gts8gzing910rzjc.tatsu-divider-wrap{text-align: left;margin: 0px 0px 0px 0px;}<\/style><hr class=\"tatsu-divider\"\/><\/div><div  class=\"tatsu-module tatsu-inline-text clearfix tatsu-gts8gzinh36saxcj   \" ><style>.tatsu-gts8gzinh36saxcj .tatsu-inline-text-inner{width: 100%;text-align: left;}@media only screen and (max-width: 767px) {.tatsu-gts8gzinh36saxcj .tatsu-inline-text-inner{width: 100%;}}<\/style><div class=\"tatsu-inline-text-inner tatsu-align-center\">\n<p>Szem\u00e9lyes tal\u00e1lkoz\u00f3 alkalm\u00e1val felm\u00e9rj\u00fck az ig\u00e9nyeket. Ekkor hat\u00e1rozzuk meg milyen r\u00e9szletezetts\u00e9g\u0171 tervekre van sz\u00fcks\u00e9g.\u00a0<span style=\"font-size: 15px; background-color: #ffffff; letter-spacing: 0px;\">A helysz\u00edn \u00e9s az inform\u00e1ci\u00f3 megismer\u00e9s\u00e9vel pontos\u00edtjuk a tervez\u00e9si \u00e1rat \u00e9s azok elk\u00e9sz\u00edt\u00e9s\u00e9nek \u00a0\u00fctemez\u00e9st.\u00a0<\/span><span style=\"font-size: 15px; letter-spacing: 0px;\">Itt alakul ki a tervez\u00e9si program, mi lesz a feladat, milyen f\u0151 szempontok figyelembev\u00e9tel\u00e9vel k\u00e9sz\u00fcljenek tervek. \u00a0<\/span><\/p>\n<\/div><\/div><div  class=\"tatsu-module tatsu-inline-text clearfix tatsu-gts8gzinj76uc72m   \" ><style>.tatsu-gts8gzinj76uc72m .tatsu-inline-text-inner{width: 100%;text-align: left;}.tatsu-gts8gzinj76uc72m.tatsu-inline-text{margin: 0px 0px 0px 0px;}@media only screen and (max-width: 767px) {.tatsu-gts8gzinj76uc72m .tatsu-inline-text-inner{width: 100%;}}<\/style><div class=\"tatsu-inline-text-inner tatsu-align-center\">\n<h6><strong>2.<\/strong>\u00a0v\u00e1zlatok Bemutat\u00e1sa, \u00e9rt\u00e9kel\u00e9se, v\u00e9gleges\u00edt\u00e9se<\/h6>\n<\/div><\/div><div  class=\"tatsu-module tatsu-divider-wrap  tatsu-gts8gzinl9af9fro   \"  ><style>.tatsu-gts8gzinl9af9fro .tatsu-divider{height: 1px;width: 100%;background: rgba(0,0,0,1);}.tatsu-gts8gzinl9af9fro.tatsu-divider-wrap{text-align: left;margin: 0px 0px 0px 0px;}<\/style><hr class=\"tatsu-divider\"\/><\/div><div  class=\"tatsu-module tatsu-inline-text clearfix tatsu-gts8gzinltajdk5e   \" ><style>.tatsu-gts8gzinltajdk5e .tatsu-inline-text-inner{width: 100%;text-align: left;}@media only screen and (max-width: 767px) {.tatsu-gts8gzinltajdk5e .tatsu-inline-text-inner{width: 100%;}}<\/style><div class=\"tatsu-inline-text-inner tatsu-align-center\">\n<p>A prezent\u00e1ci\u00f3 alkalm\u00e1val bemutatjuk elk\u00e9pzel\u00e9seinket. Azok v\u00e9giggondol\u00e1sa \u00e9s \u00e1tbesz\u00e9l\u00e9se ut\u00e1n tov\u00e1bb finom\u00edtjuk a felmer\u00fcl\u0151 k\u00e9r\u00e9sek szerint. Az alaprajzok mellet faln\u00e9zeti metszeteket \u00e9s v\u00e1zlatos l\u00e1tv\u00e1nyterveket is mutatunk a tervek k\u00f6nnyebb meg\u00e9rt\u00e9s\u00e9nek c\u00e9lj\u00e1ra. Ezt ism\u00e9telj\u00fck t\u00f6bb l\u00e9pcs\u0151ben a kiforrot elrendez\u00e9s megsz\u00fclet\u00e9s\u00e9ig.\u00a0<\/p>\n<\/div><\/div><div  class=\"tatsu-module tatsu-inline-text clearfix tatsu-gts8gzinmrf2l8bs   \" ><style>.tatsu-gts8gzinmrf2l8bs .tatsu-inline-text-inner{width: 100%;text-align: left;}.tatsu-gts8gzinmrf2l8bs.tatsu-inline-text{margin: 0px 0px 0px 0px;}@media only screen and (max-width: 767px) {.tatsu-gts8gzinmrf2l8bs .tatsu-inline-text-inner{width: 100%;}}<\/style><div class=\"tatsu-inline-text-inner tatsu-align-center\">\n<h6><strong>3.<\/strong>\u00a0\u00c1TALAK\u00cdT\u00c1SI TERVE\u00a0<\/h6>\n<\/div><\/div><div  class=\"tatsu-module tatsu-divider-wrap  tatsu-gts8gzinno8prit6   \"  ><style>.tatsu-gts8gzinno8prit6 .tatsu-divider{height: 1px;width: 100%;background: rgba(0,0,0,1);}.tatsu-gts8gzinno8prit6.tatsu-divider-wrap{text-align: left;margin: 0px 0px 0px 0px;}<\/style><hr class=\"tatsu-divider\"\/><\/div><div  class=\"tatsu-module tatsu-inline-text clearfix tatsu-gts8gzino42w0rqr   \" ><style>.tatsu-gts8gzino42w0rqr .tatsu-inline-text-inner{width: 100%;text-align: left;}@media only screen and (max-width: 767px) {.tatsu-gts8gzino42w0rqr .tatsu-inline-text-inner{width: 100%;}}<\/style><div class=\"tatsu-inline-text-inner tatsu-align-center\">\n<p>A v\u00e1zlatok v\u00e9gleges\u00edt\u00e9s\u00e9vel az alaprajzon \u00e9s a t\u00e9rkapcsolatokon m\u00e1r nem m\u00f3dos\u00edtunk, \u00edgy megkezdhetj\u00fck a m\u0171szaki tervlapok kidolgoz\u00e1s\u00e1t (\u00e9p\u00edt\u00e9s-bont\u00e1s, g\u00e9p\u00e9szet, elektromos \u00e9s vil\u00e1g\u00ed\u00e1si tervek stb.).\u00a0<span style=\"font-size: 15px; background-color: #ffffff; letter-spacing: 0px;\">A m\u0171szaki tervek egyr\u00e9szt ig\u00e9nyeink finom\u00edt\u00e1s\u00e1ra is szolg\u00e1lnak, ahol a megrendel\u0151 h<\/span><span style=\"font-size: 15px; background-color: #ffffff; letter-spacing: 0px;\">ozz\u00e1adhat, \u00e1thelyezhet, v\u00e1ltoztathat az aj\u00e1nlott ki\u00e1ll\u00e1sokon (konnektor, kapcsol\u00f3, l\u00e1mpa stb.). \u00a0M\u00e1sr\u00e9szt ezek alapj\u00e1n tudj\u00e1k k\u00e9s\u0151bb pontosan megval\u00f3s\u00edtani a szakipari kivitelez\u0151k az elk\u00e9pzel\u00e9seket. Ez alapj\u00e1n lehet\u0151s\u00e9g van \u00e1raj\u00e1natok bek\u00e9r\u00e9s\u00e9re a kivitelez\u0151kt\u0151l, mivel l\u00e1tj\u00e1k a fel\u00faj\u00edt\u00e1s r\u00e9szleteit.\u00a0<\/span><\/p>\n<\/div><\/div><div  class=\"tatsu-module tatsu-inline-text clearfix tatsu-gts8gzinpsb5atbm   \" ><style>.tatsu-gts8gzinpsb5atbm .tatsu-inline-text-inner{width: 100%;text-align: left;}.tatsu-gts8gzinpsb5atbm.tatsu-inline-text{margin: 0px 0px 0px 0px;}@media only screen and (max-width: 767px) {.tatsu-gts8gzinpsb5atbm .tatsu-inline-text-inner{width: 100%;}}<\/style><div class=\"tatsu-inline-text-inner tatsu-align-center\">\n<h6><strong>4.<\/strong>\u00a0SPECIFIK\u00c1CI\u00d3K<\/h6>\n<\/div><\/div><div  class=\"tatsu-module tatsu-divider-wrap  tatsu-gts8gzinqre8tkiy   \"  ><style>.tatsu-gts8gzinqre8tkiy .tatsu-divider{height: 1px;width: 100%;background: rgba(0,0,0,1);}.tatsu-gts8gzinqre8tkiy.tatsu-divider-wrap{text-align: left;margin: 0px 0px 0px 0px;}<\/style><hr class=\"tatsu-divider\"\/><\/div><div  class=\"tatsu-module tatsu-inline-text clearfix tatsu-gts8gzinrfarcd4i   \" ><style>.tatsu-gts8gzinrfarcd4i .tatsu-inline-text-inner{width: 100%;text-align: left;}@media only screen and (max-width: 767px) {.tatsu-gts8gzinrfarcd4i .tatsu-inline-text-inner{width: 100%;}}<\/style><div class=\"tatsu-inline-text-inner tatsu-align-center\">\n<p>Meghat\u00e1roz\u00e1sra ker\u00fclnek a b\u00fatorok bels\u0151 kieg\u00e9sz\u00edt\u0151i, p\u00e9ld\u00e1ul a konyh\u00e1ban vagy a gardr\u00f3bszerkr\u00e9nyekben a\u00a0<span style=\"font-size: 15px; background-color: #ffffff; letter-spacing: 0px;\">\u00a0<\/span><span style=\"font-size: 15px; background-color: #ffffff; letter-spacing: 0px;\">bels\u0151 vil\u00e1g\u00edt\u00e1s,<\/span><span style=\"font-size: 15px; background-color: #ffffff; letter-spacing: 0px;\">\u00a0<\/span><span style=\"font-size: 15px; letter-spacing: 0px;\">polcok, kosarak, ruhaliftek elhelyez\u00e9se, dokument\u00e1l\u00e1sa az asztalos kivitelez\u0151k sz\u00e1m\u00e1ra. Konszign\u00e1ci\u00f3k k\u00e9sz\u00fclnek a tervezett fel\u00fcletk\u00e9pz\u0151 anyagokr\u00f3l, vil\u00e1g\u00edt\u00f3testekr\u0151l, szaniterekr\u0151l, szerelv\u00e9nyekr\u0151l valamint a kereskedelemben kaphat\u00f3 b\u00fatorok javaslatair\u00f3l. Ezek tartalmazz\u00e1k azok k\u00f6lts\u00e9geinek \u00f6sszes\u00edt\u00e9s\u00e9t. \u00a0<\/span><\/p>\n<\/div><\/div><div  class=\"tatsu-module tatsu-inline-text clearfix tatsu-gts8gzinss6un959   \" ><style>.tatsu-gts8gzinss6un959 .tatsu-inline-text-inner{width: 100%;text-align: left;}.tatsu-gts8gzinss6un959.tatsu-inline-text{margin: 0px 0px 0px 0px;}@media only screen and (max-width: 767px) {.tatsu-gts8gzinss6un959 .tatsu-inline-text-inner{width: 100%;}}<\/style><div class=\"tatsu-inline-text-inner tatsu-align-center\">\n<h6><strong>5.<\/strong>\u00a0M\u0170VEZET\u00c9S<\/h6>\n<\/div><\/div><div  class=\"tatsu-module tatsu-divider-wrap  tatsu-gts8gzintn2wgrpf   \"  ><style>.tatsu-gts8gzintn2wgrpf .tatsu-divider{height: 1px;width: 100%;background: rgba(0,0,0,1);}.tatsu-gts8gzintn2wgrpf.tatsu-divider-wrap{text-align: left;margin: 0px 0px 0px 0px;}<\/style><hr class=\"tatsu-divider\"\/><\/div><div  class=\"tatsu-module tatsu-inline-text clearfix tatsu-gts8gzinube0lvmk   \" ><style>.tatsu-gts8gzinube0lvmk .tatsu-inline-text-inner{width: 100%;text-align: left;}@media only screen and (max-width: 767px) {.tatsu-gts8gzinube0lvmk .tatsu-inline-text-inner{width: 100%;}}<\/style><div class=\"tatsu-inline-text-inner tatsu-align-center\">\n<p>A tervek helysz\u00edni ismertet\u00e9se, kivitelez\u00e9s k\u00f6zben felmer\u00fcl\u0151 k\u00e9rd\u00e9sek megv\u00e1laszol\u00e1sa. Tervek betart\u00e1s\u00e1nak fel\u00fcgyelete.\u00a0<\/p>\n<\/div><\/div><\/div><\/div><div class = \"tatsu-column-bg-image-wrap\"><div class = \"tatsu-column-bg-image tatsu-bg-lazyload\" data-src = \"\"><\/div><\/div><div class=\"tatsu-overlay tatsu-column-overlay tatsu-animate-none\" ><\/div><\/div><style>.tatsu-row > .tatsu-gts8gzinb197883s.tatsu-column{width: 65.1%;}.tatsu-gts8gzinb197883s.tatsu-column > .tatsu-column-inner > .tatsu-column-overlay{mix-blend-mode: normal;}.tatsu-gts8gzinb197883s > .tatsu-column-inner > .tatsu-top-divider{z-index: 9999;}.tatsu-gts8gzinb197883s > .tatsu-column-inner > .tatsu-bottom-divider{z-index: 9999;}.tatsu-gts8gzinb197883s > .tatsu-column-inner > .tatsu-left-divider{z-index: 9999;}.tatsu-gts8gzinb197883s > .tatsu-column-inner > .tatsu-right-divider{z-index: 9999;}@media only screen and (max-width:1377px) {.tatsu-row > .tatsu-gts8gzinb197883s.tatsu-column{width: 50%;}}@media only screen and (min-width:768px) and (max-width: 1024px) {.tatsu-row > .tatsu-gts8gzinb197883s.tatsu-column{width: 50%;}}@media only screen and (max-width: 767px) {.tatsu-row > .tatsu-gts8gzinb197883s.tatsu-column{width: 100%;}}<\/style><\/div><\/div><\/div><\/div><div class=\"tatsu-section-background-wrap\"><div class = \"tatsu-section-background tatsu-bg-lazyload\" data-src = \"\"><\/div><\/div><div class=\"tatsu-overlay tatsu-section-overlay\"><\/div><style>.tatsu-gts8gzimvqe7exd8 .tatsu-section-pad{padding: 20px 0px 48px 0px;}.tatsu-gts8gzimvqe7exd8 .tatsu-section-offset-wrap{transform: translateY(-0px);}.tatsu-gts8gzimvqe7exd8 > .tatsu-bottom-divider{z-index: 9999;}.tatsu-gts8gzimvqe7exd8 > .tatsu-top-divider{z-index: 9999;}.tatsu-gts8gzimvqe7exd8 .tatsu-section-overlay{mix-blend-mode: normal;}<\/style><\/div><div  class=\"tatsu-SJW2VCigrY tatsu-section  tatsu-bg-overlay   tatsu-clearfix\" data-title=\"\"  data-headerscheme=\"background--dark\"><div class='tatsu-section-pad clearfix' data-padding='{\"d\":\"100px 0px 100px 0px\"}' data-padding-top='100px'><div class=\"tatsu-row-wrap  tatsu-wrap tatsu-row-has-one-half tatsu-row-has-two-cols tatsu-medium-gutter tatsu-reg-cols  tatsu-clearfix tatsu-Bkeh4RseHt\" ><div  class=\"tatsu-row \" ><div  class=\"tatsu-column  tatsu-bg-overlay tatsu-one-half tatsu-column-image-none tatsu-column-effect-none  tatsu-SJA4AolBt\"  data-parallax-speed=\"0\" style=\"\"><div class=\"tatsu-column-inner \" ><div class=\"tatsu-column-pad-wrap\"><div class=\"tatsu-column-pad\" ><div  class=\"tatsu-module tatsu-normal-button tatsu-button-wrap align-block block-center  tatsu-rk-r0jgBt   \"><a class=\"tatsu-shortcode mediumbtn tatsu-button left-icon circular   bg-animation-none  \" href=\"https:\/\/wowdesign.hu\/hu\/szolgaltatasok\/\" style= \"\"  aria-label=\"Megn\u00e9zem a szolg\u00e1ltat\u00e1sokat\" data-gdpr-atts={} >Megn\u00e9zem a szolg\u00e1ltat\u00e1sokat<\/a><style>.tatsu-rk-r0jgBt .tatsu-button{background-color: #000000;color: rgba(255,255,255,1) ;}.tatsu-rk-r0jgBt .tatsu-button:hover{background-color: rgba(208,2,27,1);}<\/style><\/div><\/div><\/div><div class = \"tatsu-column-bg-image-wrap\"><div class = \"tatsu-column-bg-image tatsu-bg-lazyload\" data-src = \"\"><\/div><\/div><div class=\"tatsu-overlay tatsu-column-overlay tatsu-animate-none\" ><\/div><\/div><style>.tatsu-row > .tatsu-SJA4AolBt.tatsu-column{width: 50%;}.tatsu-SJA4AolBt.tatsu-column > .tatsu-column-inner > .tatsu-column-overlay{mix-blend-mode: normal;}.tatsu-SJA4AolBt > .tatsu-column-inner > .tatsu-top-divider{z-index: 9999;}.tatsu-SJA4AolBt > .tatsu-column-inner > .tatsu-bottom-divider{z-index: 9999;}.tatsu-SJA4AolBt > .tatsu-column-inner > .tatsu-left-divider{z-index: 9999;}.tatsu-SJA4AolBt > .tatsu-column-inner > .tatsu-right-divider{z-index: 9999;}@media only screen and (max-width:1377px) {.tatsu-row > .tatsu-SJA4AolBt.tatsu-column{width: 50%;}}@media only screen and (min-width:768px) and (max-width: 1024px) {.tatsu-row > .tatsu-SJA4AolBt.tatsu-column{width: 50%;}}@media only screen and (max-width: 767px) {.tatsu-row > .tatsu-SJA4AolBt.tatsu-column{width: 100%;}}<\/style><\/div><div  class=\"tatsu-column  tatsu-bg-overlay tatsu-one-half tatsu-column-image-none tatsu-column-effect-none  tatsu-ByeA4CogBY\"  data-parallax-speed=\"0\" style=\"\"><div class=\"tatsu-column-inner \" ><div class=\"tatsu-column-pad-wrap\"><div class=\"tatsu-column-pad\" ><div  class=\"tatsu-module tatsu-normal-button tatsu-button-wrap align-block block-center  tatsu-HkHBAjxrt   \"><a class=\"tatsu-shortcode mediumbtn tatsu-button left-icon circular   bg-animation-none  \" href=\"https:\/\/wowdesign.hu\/hu\/portfolio\/\" style= \"\"  aria-label=\"Megn\u00e9zem a referenci\u00e1kat\" data-gdpr-atts={} >Megn\u00e9zem a referenci\u00e1kat<\/a><style>.tatsu-HkHBAjxrt .tatsu-button{background-color: #000000;color: rgba(255,255,255,1) ;}.tatsu-HkHBAjxrt .tatsu-button:hover{background-color: rgba(208,2,27,1);}<\/style><\/div><\/div><\/div><div class = \"tatsu-column-bg-image-wrap\"><div class = \"tatsu-column-bg-image tatsu-bg-lazyload\" data-src = \"\"><\/div><\/div><div class=\"tatsu-overlay tatsu-column-overlay tatsu-animate-none\" ><\/div><\/div><style>.tatsu-row > .tatsu-ByeA4CogBY.tatsu-column{width: 50%;}.tatsu-ByeA4CogBY.tatsu-column > .tatsu-column-inner > .tatsu-column-overlay{mix-blend-mode: normal;}.tatsu-ByeA4CogBY > .tatsu-column-inner > .tatsu-top-divider{z-index: 9999;}.tatsu-ByeA4CogBY > .tatsu-column-inner > .tatsu-bottom-divider{z-index: 9999;}.tatsu-ByeA4CogBY > .tatsu-column-inner > .tatsu-left-divider{z-index: 9999;}.tatsu-ByeA4CogBY > .tatsu-column-inner > .tatsu-right-divider{z-index: 9999;}@media only screen and (max-width:1377px) {.tatsu-row > .tatsu-ByeA4CogBY.tatsu-column{width: 50%;}}@media only screen and (min-width:768px) and (max-width: 1024px) {.tatsu-row > .tatsu-ByeA4CogBY.tatsu-column{width: 50%;}}@media only screen and (max-width: 767px) {.tatsu-row > .tatsu-ByeA4CogBY.tatsu-column{width: 100%;}}<\/style><\/div><\/div><\/div><\/div><div class=\"tatsu-section-background-wrap\"><div class = \"tatsu-section-background tatsu-bg-lazyload\" data-src = \"\"><\/div><\/div><div class=\"tatsu-overlay tatsu-section-overlay\"><\/div><style>.tatsu-SJW2VCigrY .tatsu-section-pad{padding: 100px 0px 100px 0px;}.tatsu-SJW2VCigrY .tatsu-section-offset-wrap{transform: translateY(-0px);}.tatsu-SJW2VCigrY > .tatsu-bottom-divider{z-index: 9999;}.tatsu-SJW2VCigrY > .tatsu-top-divider{z-index: 9999;}.tatsu-SJW2VCigrY .tatsu-section-overlay{mix-blend-mode: normal;}<\/style><\/div>\n","protected":false},"excerpt":{"rendered":"<p><a href=\"https:\/\/wowdesign.hu\/hu\/munkafolyamat\/\" class=\"more-link style3-button\">Read More<\/a><\/p>","protected":false},"author":1,"featured_media":0,"parent":0,"menu_order":2,"comment_status":"closed","ping_status":"closed","template":"","meta":{"_monsterinsights_skip_tracking":false,"_monsterinsights_sitenote_active":false,"_monsterinsights_sitenote_note":"","_monsterinsights_sitenote_category":0,"ngg_post_thumbnail":0,"footnotes":""},"class_list":["post-5553","page","type-page","status-publish","hentry"],"_links":{"self":[{"href":"https:\/\/wowdesign.hu\/hu\/wp-json\/wp\/v2\/pages\/5553","targetHints":{"allow":["GET"]}}],"collection":[{"href":"https:\/\/wowdesign.hu\/hu\/wp-json\/wp\/v2\/pages"}],"about":[{"href":"https:\/\/wowdesign.hu\/hu\/wp-json\/wp\/v2\/types\/page"}],"author":[{"embeddable":true,"href":"https:\/\/wowdesign.hu\/hu\/wp-json\/wp\/v2\/users\/1"}],"replies":[{"embeddable":true,"href":"https:\/\/wowdesign.hu\/hu\/wp-json\/wp\/v2\/comments?post=5553"}],"version-history":[{"count":48,"href":"https:\/\/wowdesign.hu\/hu\/wp-json\/wp\/v2\/pages\/5553\/revisions"}],"predecessor-version":[{"id":5914,"href":"https:\/\/wowdesign.hu\/hu\/wp-json\/wp\/v2\/pages\/5553\/revisions\/5914"}],"wp:attachment":[{"href":"https:\/\/wowdesign.hu\/hu\/wp-json\/wp\/v2\/media?parent=5553"}],"curies":[{"name":"wp","href":"https:\/\/api.w.org\/{rel}","templated":true}]}}