{"id":2790,"date":"2014-11-05T13:04:42","date_gmt":"2014-11-05T13:04:42","guid":{"rendered":"http:\/\/www.brandexponents.com\/oshin\/v9\/?page_id=2790"},"modified":"2021-09-30T19:00:58","modified_gmt":"2021-09-30T19:00:58","slug":"elerhetoseg","status":"publish","type":"page","link":"https:\/\/wowdesign.hu\/en\/elerhetoseg\/","title":{"rendered":"contact"},"content":{"rendered":"<div  class=\"tatsu-rkb96MPS-m tatsu-section    tatsu-clearfix\" data-title=\"\"  data-headerscheme=\"background--dark\"><div class='tatsu-section-pad clearfix' data-padding='{\"d\":\"100px 0px 20px 0px\"}' data-padding-top='100px'><div class=\"tatsu-row-wrap  tatsu-wrap tatsu-row-has-one-half tatsu-row-has-two-cols tatsu-medium-gutter tatsu-reg-cols  tatsu-clearfix tatsu-S1gc6fvB-X\" ><div  class=\"tatsu-row \" ><div  class=\"tatsu-column  tatsu-column-no-bg tatsu-one-half tatsu-column-image-none tatsu-column-effect-none  tatsu-Hy9aMPSZX\"  data-parallax-speed=\"0\" style=\"\"><div class=\"tatsu-column-inner \" ><div class=\"tatsu-column-pad-wrap\"><div class=\"tatsu-column-pad\" ><div  class=\"tatsu-module tatsu-divider-wrap  tatsu-5Z1jDi6wJ   \"  ><style>.tatsu-5Z1jDi6wJ .tatsu-divider{height: 1px;width: 100%;background: rgba(0,0,0,1);}.tatsu-5Z1jDi6wJ.tatsu-divider-wrap{text-align: left;}<\/style><hr class=\"tatsu-divider\"\/><\/div><div  class=\"contact_form contact_form_module oshine-module style1 style2-input tatsu-HJqAzDB-Q   \"  data-consent-error = \"Please check the consent box, in order for us to process this form\">\r\n\t\t\t\t\t\t<form method=\"post\" class=\"contact\">\r\n\t\t\t\t\t\t\t<fieldset class=\"field_name contact_fieldset\">\r\n\t\t\t\t\t\t\t\t<input type=\"text\" name=\"contact_name\" class=\"txt autoclear\" placeholder=\"Name\" style=\"border-width:1px\" \/>\r\n\t\t\t\t\t\t\t<\/fieldset>\r\n\t\t\t\t\t\t\t<fieldset class=\"field_email contact_fieldset\">\r\n\t\t\t\t\t\t\t\t<input type=\"text\" name=\"contact_email\" class=\"txt autoclear\" placeholder=\"Email\" style=\"border-width:1px\" \/>\r\n\t\t\t\t\t\t\t<\/fieldset><fieldset class=\"field_subject contact_fieldset\">\r\n\t\t\t\t\t\t\t\t<input type=\"text\" name=\"contact_subject\" class=\"txt autoclear\" placeholder=\"Subject\" style=\"border-width:1px\" \/>\r\n\t\t\t\t\t\t<\/fieldset><fieldset class=\"field_comment contact_fieldset\">\r\n\t\t\t\t\t\t\t\t<textarea name=\"contact_comment\" class=\"txt_area autoclear\" placeholder=\"Message\" style=\"border-width:1px\" ><\/textarea>\r\n\t\t\t\t\t\t\t<\/fieldset><fieldset class=\"field_consent contact_fieldset\">\r\n\t\t\t\t\t\t\t<input type=\"checkbox\" name=\"contact_consent\" class=\"consent-checkbox\" placeholder=\"Subject\" style=\"border-width:1px\" \/>\r\n\t\t\t\t\t\t\t<span class=\"consent-message\">By checking this box, you consent to sending your details to us over email. For more info check our <a href=\"https:\/\/wowdesign.hu\/en\/adatvedelem\/\" target=\"_blank\">privacy policy<\/a> where you will get more info on where, how and why we store your data.<\/span>\r\n\t\t\t\t\t\t\t<\/fieldset><fieldset class=\"contact_fieldset submit-fieldset\">\r\n\t\t\t\t\t\t\t\t<input type = \"hidden\" name = \"contact_style\" value = \"style1\"\/> \r\n\t\t\t\t\t\t\t\t<input type=\"hidden\" name=\"oshine_nonce\" value=\"b86dd9a7da\" \/>\r\n\t\t\t\t\t\t\t\t<input type=\"submit\" name=\"contact_submit\" value=\"Submit\" class=\"contact_submit tatsu-button rounded smallbtn\" \/>\r\n\t\t\t\t\t\t\t\t<div class=\"contact_loader\"><div class=\"font-icon loader-style4-wrap loader-icon\"><\/div><\/div>\r\n\t\t\t\t\t\t\t<\/fieldset><div class=\"contact_status tatsu-notification\"><\/div>\r\n\t\t\t\t\t\t<\/form><style>.tatsu-HJqAzDB-Q input[type=\"text\"], .tatsu-HJqAzDB-Q textarea{background-color: rgba(255,255,255,1);color: input_color ;border-color: rgba(0,0,0,0.2); }.tatsu-HJqAzDB-Q .contact_submit{background-color: rgba(74,74,74,1);color: rgba(255,255,255,1) ;}.tatsu-HJqAzDB-Q{margin: 0px 0px 0px 0px;}<\/style>\r\n\t\t\t\t\t<\/div><\/div><\/div><div class = \"tatsu-column-bg-image-wrap\"><div class = \"tatsu-column-bg-image tatsu-bg-lazyload\" data-src = \"\"><\/div><\/div><\/div><style>.tatsu-row > .tatsu-Hy9aMPSZX.tatsu-column{width: 50%;}.tatsu-Hy9aMPSZX.tatsu-column > .tatsu-column-inner > .tatsu-column-overlay{mix-blend-mode: none;}.tatsu-Hy9aMPSZX > .tatsu-column-inner > .tatsu-top-divider{z-index: 9999;}.tatsu-Hy9aMPSZX > .tatsu-column-inner > .tatsu-bottom-divider{z-index: 9999;}.tatsu-Hy9aMPSZX > .tatsu-column-inner > .tatsu-left-divider{z-index: 9999;}.tatsu-Hy9aMPSZX > .tatsu-column-inner > .tatsu-right-divider{z-index: 9999;}@media only screen and (max-width:1377px) {.tatsu-row > .tatsu-Hy9aMPSZX.tatsu-column{width: 50%;}}@media only screen and (min-width:768px) and (max-width: 1024px) {.tatsu-row > .tatsu-Hy9aMPSZX.tatsu-column{width: 50%;}}@media only screen and (max-width: 767px) {.tatsu-row > .tatsu-Hy9aMPSZX.tatsu-column{width: 100%;}}<\/style><\/div><div  class=\"tatsu-column  tatsu-bg-overlay tatsu-one-half tatsu-column-image-none tatsu-column-effect-none  tatsu-uS_xeuFceD\"  data-parallax-speed=\"0\" style=\"\"><div class=\"tatsu-column-inner \" ><div class=\"tatsu-column-pad-wrap\"><div class=\"tatsu-column-pad\" ><div  class=\"tatsu-module tatsu-divider-wrap  tatsu-9SCaavRlC   \"  ><style>.tatsu-9SCaavRlC .tatsu-divider{height: 1px;width: 100%;background: rgba(0,0,0,1);}.tatsu-9SCaavRlC.tatsu-divider-wrap{text-align: left;}<\/style><hr class=\"tatsu-divider\"\/><\/div><div  class=\"tatsu-single-image tatsu-module tatsu-image-lazyload tatsu-awyHK1I14  \" ><div class=\"tatsu-single-image-inner \" style=\"width : 991px;\" ><div class = \"tatsu-single-image-padding-wrap\" style = \"padding-bottom : 80.524722502523%;\" ><\/div><img class=\"tatsu-gradient-border\" alt=\"\" title=\"wow-elerhetoseg-park\" data-src=\"https:\/\/wowdesign.hu\/wp-content\/uploads\/wow-elerhetoseg-park.jpg\" src=\"data:image\/png;base64,iVBORw0KGgoAAAANSUhEUgAAAAEAAAABCAQAAAC1HAwCAAAAC0lEQVR42mNkYAAAAAYAAjCB0C8AAAAASUVORK5CYII=\" \/><\/div><style>.tatsu-awyHK1I14 .tatsu-single-image-inner{border-style: solid;max-width: 100%;}.tatsu-awyHK1I14.tatsu-single-image{transform: translate3d(0px,0px, 0);}<\/style><\/div><\/div><\/div><div class = \"tatsu-column-bg-image-wrap\"><div class = \"tatsu-column-bg-image tatsu-bg-lazyload\" data-src = \"\"><\/div><\/div><div class=\"tatsu-overlay tatsu-column-overlay tatsu-animate-none\" ><\/div><\/div><style>.tatsu-row > .tatsu-uS_xeuFceD.tatsu-column{width: 50%;}.tatsu-uS_xeuFceD.tatsu-column > .tatsu-column-inner > .tatsu-column-overlay{mix-blend-mode: normal;}.tatsu-uS_xeuFceD > .tatsu-column-inner > .tatsu-top-divider{z-index: 9999;}.tatsu-uS_xeuFceD > .tatsu-column-inner > .tatsu-bottom-divider{z-index: 9999;}.tatsu-uS_xeuFceD > .tatsu-column-inner > .tatsu-left-divider{z-index: 9999;}.tatsu-uS_xeuFceD > .tatsu-column-inner > .tatsu-right-divider{z-index: 9999;}@media only screen and (max-width:1377px) {.tatsu-row > .tatsu-uS_xeuFceD.tatsu-column{width: 50%;}}@media only screen and (min-width:768px) and (max-width: 1024px) {.tatsu-row > .tatsu-uS_xeuFceD.tatsu-column{width: 50%;}}@media only screen and (max-width: 767px) {.tatsu-row > .tatsu-uS_xeuFceD.tatsu-column{width: 100%;}}<\/style><\/div><\/div><\/div><\/div><div class=\"tatsu-section-background-wrap\"><div class = \"tatsu-section-background tatsu-bg-lazyload\" data-src = \"\"><\/div><\/div><style>.tatsu-rkb96MPS-m .tatsu-section-pad{padding: 100px 0px 20px 0px;}.tatsu-rkb96MPS-m > .tatsu-bottom-divider{z-index: 9999;}.tatsu-rkb96MPS-m > .tatsu-top-divider{z-index: 9999;}<\/style><\/div><div  class=\"tatsu-XmVyKiWwSK tatsu-section  tatsu-bg-overlay   tatsu-clearfix\" data-title=\"\"  data-headerscheme=\"background--dark\"><div class='tatsu-section-pad clearfix' data-padding='{\"d\":\"20px 0px 90px 0px\"}' data-padding-top='20px'><div class=\"tatsu-row-wrap  tatsu-wrap tatsu-row-has-three-cols tatsu-medium-gutter tatsu-reg-cols  tatsu-clearfix tatsu-Z7jGhoO0h_\" ><div  class=\"tatsu-row \" ><div  class=\"tatsu-column  tatsu-bg-overlay tatsu-one-third tatsu-column-image-none tatsu-column-effect-none  tatsu-OCkz-IEJ5\"  data-parallax-speed=\"0\" style=\"\"><div class=\"tatsu-column-inner \" ><div class=\"tatsu-column-pad-wrap\"><div class=\"tatsu-column-pad\" ><div  class=\"tatsu-module tatsu-divider-wrap  tatsu-Ex1okUKYk   \"  ><style>.tatsu-Ex1okUKYk .tatsu-divider{height: 1px;width: 100%;background: rgba(0,0,0,1);}.tatsu-Ex1okUKYk.tatsu-divider-wrap{text-align: left;}<\/style><hr class=\"tatsu-divider\"\/><\/div><div  class=\"tatsu-module tatsu-text-block-wrap tatsu-tBm0IZ1B0  \"><div class=\"tatsu-text-inner tatsu-align-center  clearfix\" ><style>.tatsu-tBm0IZ1B0.tatsu-text-block-wrap .tatsu-text-inner{width: 100%;text-align: left;}<\/style>\n<h3>Email<\/h3>\n<\/div><\/div><div  class=\"tatsu-module tatsu-inline-text clearfix tatsu-3R6hdw9_6   \" ><style>.tatsu-3R6hdw9_6 .tatsu-inline-text-inner{width: 100%;text-align: left;}@media only screen and (max-width: 767px) {.tatsu-3R6hdw9_6 .tatsu-inline-text-inner{width: 100%;}}<\/style><div class=\"tatsu-inline-text-inner tatsu-align-center\">\n<p>info@wowdesign.hu<\/p>\n<\/div><\/div><\/div><\/div><div class = \"tatsu-column-bg-image-wrap\"><div class = \"tatsu-column-bg-image tatsu-bg-lazyload\" data-src = \"\"><\/div><\/div><div class=\"tatsu-overlay tatsu-column-overlay tatsu-animate-none\" ><\/div><\/div><style>.tatsu-row > .tatsu-OCkz-IEJ5.tatsu-column{width: 33.33%;}.tatsu-OCkz-IEJ5.tatsu-column > .tatsu-column-inner > .tatsu-column-overlay{mix-blend-mode: normal;}.tatsu-OCkz-IEJ5 > .tatsu-column-inner > .tatsu-top-divider{z-index: 9999;}.tatsu-OCkz-IEJ5 > .tatsu-column-inner > .tatsu-bottom-divider{z-index: 9999;}.tatsu-OCkz-IEJ5 > .tatsu-column-inner > .tatsu-left-divider{z-index: 9999;}.tatsu-OCkz-IEJ5 > .tatsu-column-inner > .tatsu-right-divider{z-index: 9999;}@media only screen and (max-width:1377px) {.tatsu-row > .tatsu-OCkz-IEJ5.tatsu-column{width: 33.33%;}}@media only screen and (min-width:768px) and (max-width: 1024px) {.tatsu-row > .tatsu-OCkz-IEJ5.tatsu-column{width: 33.33%;}}@media only screen and (max-width: 767px) {.tatsu-row > .tatsu-OCkz-IEJ5.tatsu-column{width: 100%;}}<\/style><\/div><div  class=\"tatsu-column  tatsu-bg-overlay tatsu-one-third tatsu-column-image-none tatsu-column-effect-none  tatsu-LqxpsTe9Ni\"  data-parallax-speed=\"0\" style=\"\"><div class=\"tatsu-column-inner \" ><div class=\"tatsu-column-pad-wrap\"><div class=\"tatsu-column-pad\" ><div  class=\"tatsu-module tatsu-divider-wrap  tatsu-BlgcejHIs   \"  ><style>.tatsu-BlgcejHIs .tatsu-divider{height: 1px;width: 100%;background: rgba(0,0,0,1);}.tatsu-BlgcejHIs.tatsu-divider-wrap{text-align: left;}<\/style><hr class=\"tatsu-divider\"\/><\/div><div  class=\"tatsu-module tatsu-text-block-wrap tatsu-UsBKaMQ2t  \"><div class=\"tatsu-text-inner tatsu-align-center  clearfix\" ><style>.tatsu-UsBKaMQ2t.tatsu-text-block-wrap .tatsu-text-inner{width: 100%;text-align: left;}<\/style>\n<h3>Telefon<\/h3>\n<\/div><\/div><div  class=\"tatsu-module tatsu-inline-text clearfix tatsu-mIIrC04Iz   \" ><style>.tatsu-mIIrC04Iz .tatsu-inline-text-inner{width: 100%;text-align: left;}@media only screen and (max-width: 767px) {.tatsu-mIIrC04Iz .tatsu-inline-text-inner{width: 100%;}}<\/style><div class=\"tatsu-inline-text-inner tatsu-align-center\">\n<p><span class=\"\">+3670\/5340-495<\/span><\/p>\n<\/div><\/div><\/div><\/div><div class = \"tatsu-column-bg-image-wrap\"><div class = \"tatsu-column-bg-image tatsu-bg-lazyload\" data-src = \"\"><\/div><\/div><div class=\"tatsu-overlay tatsu-column-overlay tatsu-animate-none\" ><\/div><\/div><style>.tatsu-row > .tatsu-LqxpsTe9Ni.tatsu-column{width: 33.33%;}.tatsu-LqxpsTe9Ni.tatsu-column > .tatsu-column-inner > .tatsu-column-overlay{mix-blend-mode: normal;}.tatsu-LqxpsTe9Ni > .tatsu-column-inner > .tatsu-top-divider{z-index: 9999;}.tatsu-LqxpsTe9Ni > .tatsu-column-inner > .tatsu-bottom-divider{z-index: 9999;}.tatsu-LqxpsTe9Ni > .tatsu-column-inner > .tatsu-left-divider{z-index: 9999;}.tatsu-LqxpsTe9Ni > .tatsu-column-inner > .tatsu-right-divider{z-index: 9999;}@media only screen and (max-width:1377px) {.tatsu-row > .tatsu-LqxpsTe9Ni.tatsu-column{width: 33.33%;}}@media only screen and (min-width:768px) and (max-width: 1024px) {.tatsu-row > .tatsu-LqxpsTe9Ni.tatsu-column{width: 33.33%;}}@media only screen and (max-width: 767px) {.tatsu-row > .tatsu-LqxpsTe9Ni.tatsu-column{width: 100%;}}<\/style><\/div><div  class=\"tatsu-column  tatsu-bg-overlay tatsu-one-third tatsu-column-image-none tatsu-column-effect-none  tatsu-cvu1UkVKGA\"  data-parallax-speed=\"0\" style=\"\"><div class=\"tatsu-column-inner \" ><div class=\"tatsu-column-pad-wrap\"><div class=\"tatsu-column-pad\" ><div  class=\"tatsu-module tatsu-divider-wrap  tatsu-u77os1ojR   \"  ><style>.tatsu-u77os1ojR .tatsu-divider{height: 1px;width: 100%;background: rgba(0,0,0,1);}.tatsu-u77os1ojR.tatsu-divider-wrap{text-align: left;}<\/style><hr class=\"tatsu-divider\"\/><\/div><div  class=\"tatsu-module tatsu-text-block-wrap tatsu-ub4ZrN2Gd  \"><div class=\"tatsu-text-inner tatsu-align-center  clearfix\" ><style>.tatsu-ub4ZrN2Gd.tatsu-text-block-wrap .tatsu-text-inner{width: 100%;text-align: left;}<\/style>\n<h3>K\u00f6z\u00f6ss\u00e9g<\/h3>\n<p><a href=\"https:\/\/www.facebook.com\/wowdesign.hu\/\">Facebook<\/a><\/p>\n<\/div><\/div><\/div><\/div><div class = \"tatsu-column-bg-image-wrap\"><div class = \"tatsu-column-bg-image tatsu-bg-lazyload\" data-src = \"\"><\/div><\/div><div class=\"tatsu-overlay tatsu-column-overlay tatsu-animate-none\" ><\/div><\/div><style>.tatsu-row > .tatsu-cvu1UkVKGA.tatsu-column{width: 33.33%;}.tatsu-cvu1UkVKGA.tatsu-column > .tatsu-column-inner > .tatsu-column-overlay{mix-blend-mode: normal;}.tatsu-cvu1UkVKGA > .tatsu-column-inner > .tatsu-top-divider{z-index: 9999;}.tatsu-cvu1UkVKGA > .tatsu-column-inner > .tatsu-bottom-divider{z-index: 9999;}.tatsu-cvu1UkVKGA > .tatsu-column-inner > .tatsu-left-divider{z-index: 9999;}.tatsu-cvu1UkVKGA > .tatsu-column-inner > .tatsu-right-divider{z-index: 9999;}@media only screen and (max-width:1377px) {.tatsu-row > .tatsu-cvu1UkVKGA.tatsu-column{width: 33.33%;}}@media only screen and (min-width:768px) and (max-width: 1024px) {.tatsu-row > .tatsu-cvu1UkVKGA.tatsu-column{width: 33.33%;}}@media only screen and (max-width: 767px) {.tatsu-row > .tatsu-cvu1UkVKGA.tatsu-column{width: 100%;}}<\/style><\/div><\/div><\/div><\/div><div class=\"tatsu-section-background-wrap\"><div class = \"tatsu-section-background tatsu-bg-lazyload\" data-src = \"\"><\/div><\/div><div class=\"tatsu-overlay tatsu-section-overlay\"><\/div><style>.tatsu-XmVyKiWwSK .tatsu-section-pad{padding: 20px 0px 90px 0px;}.tatsu-XmVyKiWwSK .tatsu-section-offset-wrap{transform: translateY(-0px);}.tatsu-XmVyKiWwSK > .tatsu-bottom-divider{z-index: 9999;}.tatsu-XmVyKiWwSK > .tatsu-top-divider{z-index: 9999;}.tatsu-XmVyKiWwSK .tatsu-section-overlay{mix-blend-mode: normal;}<\/style><\/div>\n","protected":false},"excerpt":{"rendered":"<p><a href=\"https:\/\/wowdesign.hu\/en\/elerhetoseg\/\" class=\"more-link style3-button\">Read More<\/a><\/p>","protected":false},"author":1,"featured_media":0,"parent":0,"menu_order":6,"comment_status":"open","ping_status":"closed","template":"","meta":{"_monsterinsights_skip_tracking":false,"_monsterinsights_sitenote_active":false,"_monsterinsights_sitenote_note":"","_monsterinsights_sitenote_category":0,"ngg_post_thumbnail":0,"footnotes":""},"class_list":["post-2790","page","type-page","status-publish","hentry"],"_links":{"self":[{"href":"https:\/\/wowdesign.hu\/en\/wp-json\/wp\/v2\/pages\/2790","targetHints":{"allow":["GET"]}}],"collection":[{"href":"https:\/\/wowdesign.hu\/en\/wp-json\/wp\/v2\/pages"}],"about":[{"href":"https:\/\/wowdesign.hu\/en\/wp-json\/wp\/v2\/types\/page"}],"author":[{"embeddable":true,"href":"https:\/\/wowdesign.hu\/en\/wp-json\/wp\/v2\/users\/1"}],"replies":[{"embeddable":true,"href":"https:\/\/wowdesign.hu\/en\/wp-json\/wp\/v2\/comments?post=2790"}],"version-history":[{"count":21,"href":"https:\/\/wowdesign.hu\/en\/wp-json\/wp\/v2\/pages\/2790\/revisions"}],"predecessor-version":[{"id":5462,"href":"https:\/\/wowdesign.hu\/en\/wp-json\/wp\/v2\/pages\/2790\/revisions\/5462"}],"wp:attachment":[{"href":"https:\/\/wowdesign.hu\/en\/wp-json\/wp\/v2\/media?parent=2790"}],"curies":[{"name":"wp","href":"https:\/\/api.w.org\/{rel}","templated":true}]}}